{"id":1361,"date":"2016-08-31T08:50:07","date_gmt":"2016-08-31T01:50:07","guid":{"rendered":"http:\/\/apanano.com\/?post_type=product&#038;p=1361"},"modified":"2023-02-24T18:25:23","modified_gmt":"2023-02-24T11:25:23","slug":"apa-penstrep-20-s","status":"publish","type":"product","link":"https:\/\/www.apanano.com\/vi\/product\/apa-penstrep-20-s\/","title":{"rendered":"APA PENSTREP 20 S"},"content":{"rendered":"<p>H\u1ed7n d\u1ecbch ti\u00eam.<\/p>\n<p><strong>TH\u00c0NH PH\u1ea6N<\/strong><br \/>\nPenicillin procain, Dihydrostreptomycin sulfate.<\/p>\n<p><strong>C\u00d4NG D\u1ee4NG<\/strong><br \/>\n\u0110i\u1ec1u tr\u1ecb nhi\u1ec5m tr\u00f9ng v\u1ebft th\u01b0\u01a1ng, <a href=\"https:\/\/apanano.com\/technical-support\/benh-viem-phoi-dinh-suon-app-tren-heo\/\" target=\"_blank\" rel=\"noopener noreferrer\">vi\u00eam ph\u1ed5i<\/a>, <a href=\"https:\/\/apanano.com\/technical-support\/benh-tu-huyet-trung-tren-heo\/\" target=\"_blank\" rel=\"noopener noreferrer\">t\u1ee5 huy\u1ebft tr\u00f9ng<\/a>, d\u1ea5u son, Lepto, vi\u00eam t\u1eed cung, vi\u00eam m\u00f3ng, <a href=\"https:\/\/apanano.com\/technical-support\/cach-phong-va-tri-benh-viem-vu-tren-bo-sua\/\" target=\"_blank\" rel=\"noopener noreferrer\">vi\u00eam v\u00fa<\/a>.<\/p>\n<p><strong>C\u00c1CH S\u1eec D\u1ee4NG V\u00c0 LI\u1ec0U D\u00d9NG<\/strong><br \/>\n&#8211; Ti\u00eam b\u1eafp th\u1ecbt, l\u1eafc k\u1ef9 tr\u01b0\u1edbc khi s\u1eed d\u1ee5ng.<br \/>\n&#8211; Li\u1ec1u chung: 1 ml\/20 &#8211; 25 kg th\u1ec3 tr\u1ecdng\/ng\u00e0y.<br \/>\n&#8211; D\u00f9ng trong 3 &#8211; 5 ng\u00e0y.<\/p>\n<p><strong>TH\u1edcI GIAN NG\u01afNG S\u1eec D\u1ee4NG THU\u1ed0C:<\/strong> 14 ng\u00e0y.<\/p>\n<p><strong>B\u1ea2O QU\u1ea2N<\/strong><br \/>\nN\u01a1i kh\u00f4 r\u00e1o, tho\u00e1ng m\u00e1t, tr\u00e1nh \u00e1nh s\u00e1ng tr\u1ef1c ti\u1ebfp.<\/p>\n<h3 style=\"text-align: center;\"><span style=\"color: #ff0000;\">CH\u1ec8 D\u00d9NG TRONG TH\u00da Y<\/span><\/h3>\r\n<blockquote>\r\n<p style=\"text-align: center;\"><em>\u201cS\u1ea3n ph\u1ea9m kh\u00f4ng ch\u1ee9a c\u00e1c ch\u1ea5t c\u1ea5m s\u1eed d\u1ee5ng trong s\u1ea3n xu\u1ea5t, kinh doanh th\u00fa y theo c\u00e1c quy \u0111\u1ecbnh hi\u1ec7n h\u00e0nh c\u1ee7a <strong>B\u1ed9 N\u00f4ng nghi\u1ec7p v\u00e0 Ph\u00e1t tri\u1ec3n n\u00f4ng th\u00f4n<\/strong>\u201d<\/em><\/p>\r\n<\/blockquote>\r\n<p><!-- Shortcode [sty2] does not match the conditions --><\/p>\r\n<p style=\"text-align: center;\">S\u1ea3n ph\u1ea9m <a href=\"\">Thu\u1ed1c Th\u00fa Y <\/a> gi\u00e1 b\u00e1n, th\u00e0nh ph\u1ea7n ch\u00ednh, c\u00f4ng d\u1ee5ng \u0111i\u1ec1u tr\u1ecb, h\u01b0\u1edbng d\u1eabn s\u1eed d\u1ee5ng!<\/p>\n","protected":false},"excerpt":{"rendered":"<h3><span style=\"color: #ff0000;\">\u0110\u1eb6C TR\u1eca NHI\u1ec4M TR\u00d9NG TR\u00caN GIA S\u00daC<\/span><\/h3>\n<p><strong>C\u00d4NG D\u1ee4NG<\/strong><br \/>\n\u0110i\u1ec1u tr\u1ecb nhi\u1ec5m tr\u00f9ng v\u1ebft th\u01b0\u01a1ng, vi\u00eam ph\u1ed5i, t\u1ee5 huy\u1ebft tr\u00f9ng, d\u1ea5u son, Lepto, vi\u00eam t\u1eed cung, vi\u00eam m\u00f3ng, vi\u00eam v\u00fa.<\/p>\n[sc name=\"scontact\" ]\n","protected":false},"featured_media":1362,"comment_status":"open","ping_status":"closed","template":"","meta":{"sfsi_plus_gutenberg_text_before_share":"","sfsi_plus_gutenberg_show_text_before_share":"","sfsi_plus_gutenberg_icon_type":"","sfsi_plus_gutenberg_icon_alignemt":"","sfsi_plus_gutenburg_max_per_row":""},"product_brand":[],"product_cat":[16,18],"product_tag":[517,575,576,688,689],"class_list":{"0":"post-1361","1":"product","2":"type-product","3":"status-publish","4":"has-post-thumbnail","6":"product_cat-livestock","7":"product_cat-poultry","8":"product_tag-benh-tu-huyet-trung","9":"product_tag-benh-viem-phoi","10":"product_tag-benh-viem-vu","11":"product_tag-thuoc-thu-y","12":"product_tag-thuoc-tiem","14":"first","15":"instock","16":"featured","17":"shipping-taxable","18":"product-type-simple"},"_links":{"self":[{"href":"https:\/\/www.apanano.com\/vi\/wp-json\/wp\/v2\/product\/1361","targetHints":{"allow":["GET"]}}],"collection":[{"href":"https:\/\/www.apanano.com\/vi\/wp-json\/wp\/v2\/product"}],"about":[{"href":"https:\/\/www.apanano.com\/vi\/wp-json\/wp\/v2\/types\/product"}],"replies":[{"embeddable":true,"href":"https:\/\/www.apanano.com\/vi\/wp-json\/wp\/v2\/comments?post=1361"}],"wp:featuredmedia":[{"embeddable":true,"href":"https:\/\/www.apanano.com\/vi\/wp-json\/wp\/v2\/media\/1362"}],"wp:attachment":[{"href":"https:\/\/www.apanano.com\/vi\/wp-json\/wp\/v2\/media?parent=1361"}],"wp:term":[{"taxonomy":"product_brand","embeddable":true,"href":"https:\/\/www.apanano.com\/vi\/wp-json\/wp\/v2\/product_brand?post=1361"},{"taxonomy":"product_cat","embeddable":true,"href":"https:\/\/www.apanano.com\/vi\/wp-json\/wp\/v2\/product_cat?post=1361"},{"taxonomy":"product_tag","embeddable":true,"href":"https:\/\/www.apanano.com\/vi\/wp-json\/wp\/v2\/product_tag?post=1361"}],"curies":[{"name":"wp","href":"https:\/\/api.w.org\/{rel}","templated":true}]}}