{"id":2386,"date":"2018-06-11T11:14:05","date_gmt":"2018-06-11T04:14:05","guid":{"rendered":"http:\/\/apanano.com\/?post_type=product&#038;p=2386"},"modified":"2023-02-24T18:24:48","modified_gmt":"2023-02-24T11:24:48","slug":"apa-sunzyme-shrimp","status":"publish","type":"product","link":"https:\/\/www.apanano.com\/vi\/product\/apa-sunzyme-shrimp\/","title":{"rendered":"APA SUNZYME"},"content":{"rendered":"<p><strong>Th\u00e0nh ph\u1ea7n:<\/strong><br \/>\nLactobacillus, Bacillus subtillis, Saccharomyces, Protease, Amylase, Cellulase, T\u00e1 d\u01b0\u1ee3c v\u1eeba \u0111\u1ee7<\/p>\n<p><strong>C\u00f4ng d\u1ee5ng:<\/strong><br \/>\n&#8211; B\u1ed5 sung c\u00e1c enzyme, acid amin gi\u00fap t\u00f4m ti\u00eau h\u00f3a th\u1ee9c \u0103n t\u1ed1t.<br \/>\n&#8211; T\u0103ng kh\u1ea3 n\u0103ng h\u1ea5p thu ch\u1ea5t dinh d\u01b0\u1ee1ng.<br \/>\n&#8211; K\u00edch th\u00edch b\u1eaft m\u1ed3i, t\u0103ng hi\u1ec7u qu\u1ea3 s\u1eed d\u1ee5ng th\u1ee9c \u0103n.<\/p>\n<p><strong>C\u00e1ch s\u1eed d\u1ee5ng:<\/strong><br \/>\n&#8211; S\u1eed d\u1ee5ng 3 \u2013 5 g\/ 1 kg th\u1ee9c \u0103n, tr\u1ed9n 1 \u2013 2 l\u1ea7n\/ ng\u00e0y.<br \/>\n&#8211; Cho \u0103n trong su\u1ed1t qu\u00e1 tr\u00ecnh nu\u00f4i.<\/p>\n<p><strong>B\u1ea3o qu\u1ea3n:<\/strong><br \/>\n&#8211; N\u01a1i kh\u00f4 r\u00e1o, tho\u00e1ng m\u00e1t, tr\u00e1nh \u00e1nh s\u00e1ng tr\u1ef1c ti\u1ebfp.<br \/>\n&#8211; Tr\u00e1nh xa t\u1ea7m tay tr\u1ebb em.<\/p>\n<h3 style=\"text-align: center;\"><span style=\"color: #0000ff;\">CH\u1ec8 D\u00d9NG TRONG NU\u00d4I TR\u1ed2NG TH\u1ee6Y S\u1ea2N<\/span><\/h3>\r\n<blockquote>\r\n<p style=\"text-align: center;\"><em>\u201cS\u1ea3n ph\u1ea9m kh\u00f4ng ch\u1ee9a c\u00e1c ch\u1ea5t c\u1ea5m s\u1eed d\u1ee5ng trong s\u1ea3n xu\u1ea5t, kinh doanh th\u1ee7y s\u1ea3n theo c\u00e1c quy \u0111\u1ecbnh hi\u1ec7n h\u00e0nh c\u1ee7a <strong>B\u1ed9 N\u00f4ng nghi\u1ec7p v\u00e0 Ph\u00e1t tri\u1ec3n n\u00f4ng th\u00f4n<\/strong>\u201d<\/em><\/p>\r\n<\/blockquote>\r\n<!-- Shortcode [sts2] does not match the conditions -->\r\n\r\n<!-- Shortcode [act] does not exist -->\n","protected":false},"excerpt":{"rendered":"<h3><span style=\"color: #0000ff;\">K\u00cdCH TH\u00cdCH B\u1eaeT M\u1ed2I, T\u0102NG HI\u1ec6U QU\u1ea2 S\u1eec D\u1ee4NG TH\u1ee8C \u0102N<\/span><\/h3>\n<p><strong>C\u00f4ng d\u1ee5ng:<\/strong><br \/>\n&#8211; B\u1ed5 sung c\u00e1c enzyme, acid amin gi\u00fap t\u00f4m ti\u00eau h\u00f3a th\u1ee9c \u0103n t\u1ed1t.<br \/>\n&#8211; T\u0103ng kh\u1ea3 n\u0103ng h\u1ea5p thu ch\u1ea5t dinh d\u01b0\u1ee1ng.<br \/>\n&#8211; K\u00edch th\u00edch b\u1eaft m\u1ed3i, t\u0103ng hi\u1ec7u qu\u1ea3 s\u1eed d\u1ee5ng th\u1ee9c \u0103n.<\/p>\n[sc name=\"scontacts\"]\n","protected":false},"featured_media":2348,"comment_status":"open","ping_status":"closed","template":"","meta":{"sfsi_plus_gutenberg_text_before_share":"","sfsi_plus_gutenberg_show_text_before_share":"","sfsi_plus_gutenberg_icon_type":"","sfsi_plus_gutenberg_icon_alignemt":"","sfsi_plus_gutenburg_max_per_row":""},"product_brand":[],"product_cat":[408,405,441,19],"product_tag":[496,479,544,550],"class_list":{"0":"post-2386","1":"product","2":"type-product","3":"status-publish","4":"has-post-thumbnail","6":"product_cat-dinh-duong-bo-sung-thuc-an-tom","7":"product_cat-shrimp","8":"product_cat-ho-tro-tieu-hoa-tom","9":"product_cat-aquaculture","10":"product_tag-bo-sung-acid-amin-cho-tom-ca","11":"product_tag-bo-sung-enzyme-protein","12":"product_tag-kich-thich-bat-moi","13":"product_tag-nang-cao-kha-nang-hap-thu-thuc-an","15":"first","16":"instock","17":"shipping-taxable","18":"product-type-simple"},"_links":{"self":[{"href":"https:\/\/www.apanano.com\/vi\/wp-json\/wp\/v2\/product\/2386","targetHints":{"allow":["GET"]}}],"collection":[{"href":"https:\/\/www.apanano.com\/vi\/wp-json\/wp\/v2\/product"}],"about":[{"href":"https:\/\/www.apanano.com\/vi\/wp-json\/wp\/v2\/types\/product"}],"replies":[{"embeddable":true,"href":"https:\/\/www.apanano.com\/vi\/wp-json\/wp\/v2\/comments?post=2386"}],"wp:featuredmedia":[{"embeddable":true,"href":"https:\/\/www.apanano.com\/vi\/wp-json\/wp\/v2\/media\/2348"}],"wp:attachment":[{"href":"https:\/\/www.apanano.com\/vi\/wp-json\/wp\/v2\/media?parent=2386"}],"wp:term":[{"taxonomy":"product_brand","embeddable":true,"href":"https:\/\/www.apanano.com\/vi\/wp-json\/wp\/v2\/product_brand?post=2386"},{"taxonomy":"product_cat","embeddable":true,"href":"https:\/\/www.apanano.com\/vi\/wp-json\/wp\/v2\/product_cat?post=2386"},{"taxonomy":"product_tag","embeddable":true,"href":"https:\/\/www.apanano.com\/vi\/wp-json\/wp\/v2\/product_tag?post=2386"}],"curies":[{"name":"wp","href":"https:\/\/api.w.org\/{rel}","templated":true}]}}