{"id":2538,"date":"2019-01-22T15:09:28","date_gmt":"2019-01-22T08:09:28","guid":{"rendered":"http:\/\/apanano.com\/?post_type=product&#038;p=2538"},"modified":"2023-03-29T16:25:33","modified_gmt":"2023-03-29T09:25:33","slug":"apa-ivemax-fish","status":"publish","type":"product","link":"https:\/\/www.apanano.com\/vi\/product\/apa-ivemax-fish\/","title":{"rendered":"APA IVEMAX"},"content":{"rendered":"<p><strong>Th\u00e0nh ph\u1ea7n:<\/strong><br \/>\nIvermectin, T\u00e1 d\u01b0\u1ee3c v\u1eeba \u0111\u1ee7.<\/p>\n<p><strong>C\u00f4ng d\u1ee5ng:<\/strong><br \/>\n&#8211; <a href=\"https:\/\/apanano.com\/vi\/technical-support\/quy-trinh-nuoi-ca-tra-thuong-pham-su-dung-san-pham-apa-2\/\" target=\"_blank\" rel=\"noopener noreferrer\">Di\u1ec7t c\u00e1c lo\u1ea1i k\u00fd sinh tr\u00f9ng<\/a>: Tr\u00f9ng b\u00e1nh xe, tr\u00f9ng m\u1ecf neo, tr\u00f9ng qu\u1ea3 d\u01b0a, r\u1eadn c\u00e1, s\u00e1n l\u00e1 \u0111\u01a1n ch\u1ee7,&#8230; tr\u00ean <a href=\"https:\/\/apanano.com\/technical-support\/ky-thuat-uong-nuoi-ca-tra-giong-su-dung-san-pham-apa\/\" target=\"_blank\" rel=\"noopener noreferrer\">c\u00e1 tra<\/a>, c\u00e1 basa.<br \/>\n&#8211; Ph\u00f2ng tr\u1ecb hi\u1ec7u qu\u1ea3 hi\u1ec7n t\u01b0\u1ee3ng giun s\u00e1n k\u00fd sinh \u1edf cu\u1ed1ng m\u1eadt, l\u00e0m cu\u1ed1ng m\u1eadt s\u01b0ng to, g\u00e2y t\u1eafc m\u1eadt, s\u01b0ng m\u1eadt.<br \/>\n&#8211; X\u1ed5 c\u00e1c lo\u1ea1i giun s\u00e1n k\u00fd sinh \u1edf ru\u1ed9t c\u00e1.<br \/>\n&#8211; Ph\u00f2ng ng\u1eeba b\u1ec7nh g\u1ea1o, v\u00e0ng da do k\u00fd sinh.<\/p>\n<p><strong>C\u00e1ch s\u1eed d\u1ee5ng:<\/strong><br \/>\n&#8211; C\u00e1 t\u1eeb 100 g: S\u1eed d\u1ee5ng 1 l\u00edt\/ 80 \u2013 100 t\u1ea5n c\u00e1.<br \/>\n&#8211; S\u1eed d\u1ee5ng li\u00ean t\u1ee5c trong 2 \u2013 3 ng\u00e0y.<br \/>\n&#8211; \u0110\u1ecbnh k\u1ef3 x\u1ed5 1 \u2013 2 l\u1ea7n\/ th\u00e1ng.<\/p>\n<p><strong>Ch\u00fa \u00fd:<\/strong><br \/>\n&#8211; Ch\u1ec9 s\u1eed d\u1ee5ng cho c\u00e1 da tr\u01a1n t\u1eeb 100 g tr\u1edf l\u00ean, kh\u00f4ng s\u1eed d\u1ee5ng cho c\u00e1 c\u00f3 v\u1ea3y.<br \/>\n&#8211; Kh\u00f4ng d\u00f9ng k\u00e8m v\u1edbi c\u00e1c lo\u1ea1i thu\u1ed1c hay kh\u00e1ng sinh kh\u00e1c.<br \/>\n&#8211; Ng\u01b0ng s\u1eed d\u1ee5ng thu\u1ed1c tr\u01b0\u1edbc khi thu ho\u1ea1ch 30 ng\u00e0y.<\/p>\n<h3 style=\"text-align: center;\"><span style=\"color: #0000ff;\">CH\u1ec8 D\u00d9NG TRONG NU\u00d4I TR\u1ed2NG TH\u1ee6Y S\u1ea2N<\/span><\/h3>\r\n<blockquote>\r\n<p style=\"text-align: center;\"><em>\u201cS\u1ea3n ph\u1ea9m kh\u00f4ng ch\u1ee9a c\u00e1c ch\u1ea5t c\u1ea5m s\u1eed d\u1ee5ng trong s\u1ea3n xu\u1ea5t, kinh doanh th\u1ee7y s\u1ea3n theo c\u00e1c quy \u0111\u1ecbnh hi\u1ec7n h\u00e0nh c\u1ee7a <strong>B\u1ed9 N\u00f4ng nghi\u1ec7p v\u00e0 Ph\u00e1t tri\u1ec3n n\u00f4ng th\u00f4n<\/strong>\u201d<\/em><\/p>\r\n<\/blockquote>\r\n<!-- Shortcode [sts2] does not match the conditions -->\r\n\r\n<!-- Shortcode [act] does not exist -->\n","protected":false},"excerpt":{"rendered":"<h3><span style=\"color: #0000ff;\">\u0110\u1eb6C TR\u1eca N\u1ed8I NGO\u1ea0I K\u00dd SINH TR\u00d9NG<\/span><\/h3>\n<p><strong>C\u00f4ng d\u1ee5ng:<\/strong><br \/>\n&#8211; Di\u1ec7t c\u00e1c lo\u1ea1i k\u00fd sinh tr\u00f9ng: Tr\u00f9ng b\u00e1nh xe, tr\u00f9ng m\u1ecf neo, tr\u00f9ng qu\u1ea3 d\u01b0a, r\u1eadn c\u00e1, s\u00e1n l\u00e1 \u0111\u01a1n ch\u1ee7,&#8230; tr\u00ean c\u00e1 tra, c\u00e1 basa.<br \/>\n&#8211; Ph\u00f2ng tr\u1ecb hi\u1ec7u qu\u1ea3 hi\u1ec7n t\u01b0\u1ee3ng giun s\u00e1n k\u00fd sinh \u1edf cu\u1ed1ng m\u1eadt, l\u00e0m cu\u1ed1ng m\u1eadt s\u01b0ng to, g\u00e2y t\u1eafc m\u1eadt, s\u01b0ng m\u1eadt.<br \/>\n&#8211; X\u1ed5 c\u00e1c lo\u1ea1i giun s\u00e1n k\u00fd sinh \u1edf ru\u1ed9t c\u00e1.<br \/>\n&#8211; Ph\u00f2ng ng\u1eeba b\u1ec7nh g\u1ea1o, v\u00e0ng da do k\u00fd sinh.<\/p>\n[sc name=\"scontactf\"]\n","protected":false},"featured_media":2539,"comment_status":"open","ping_status":"closed","template":"","meta":{"sfsi_plus_gutenberg_text_before_share":"","sfsi_plus_gutenberg_show_text_before_share":"","sfsi_plus_gutenberg_icon_type":"","sfsi_plus_gutenberg_icon_alignemt":"","sfsi_plus_gutenburg_max_per_row":""},"product_brand":[],"product_cat":[411,406,416,19],"product_tag":[490,489],"class_list":{"0":"post-2538","1":"product","2":"type-product","3":"status-publish","4":"has-post-thumbnail","6":"product_cat-thuoc-thu-y-thuy-san-ca","7":"product_cat-fish","8":"product_cat-xo-noi-ky-sinh-ca","9":"product_cat-aquaculture","10":"product_tag-dac-tri-ky-sinh-trung","11":"product_tag-xo-giun-san-cho-ca","13":"first","14":"instock","15":"shipping-taxable","16":"product-type-simple"},"_links":{"self":[{"href":"https:\/\/www.apanano.com\/vi\/wp-json\/wp\/v2\/product\/2538","targetHints":{"allow":["GET"]}}],"collection":[{"href":"https:\/\/www.apanano.com\/vi\/wp-json\/wp\/v2\/product"}],"about":[{"href":"https:\/\/www.apanano.com\/vi\/wp-json\/wp\/v2\/types\/product"}],"replies":[{"embeddable":true,"href":"https:\/\/www.apanano.com\/vi\/wp-json\/wp\/v2\/comments?post=2538"}],"wp:featuredmedia":[{"embeddable":true,"href":"https:\/\/www.apanano.com\/vi\/wp-json\/wp\/v2\/media\/2539"}],"wp:attachment":[{"href":"https:\/\/www.apanano.com\/vi\/wp-json\/wp\/v2\/media?parent=2538"}],"wp:term":[{"taxonomy":"product_brand","embeddable":true,"href":"https:\/\/www.apanano.com\/vi\/wp-json\/wp\/v2\/product_brand?post=2538"},{"taxonomy":"product_cat","embeddable":true,"href":"https:\/\/www.apanano.com\/vi\/wp-json\/wp\/v2\/product_cat?post=2538"},{"taxonomy":"product_tag","embeddable":true,"href":"https:\/\/www.apanano.com\/vi\/wp-json\/wp\/v2\/product_tag?post=2538"}],"curies":[{"name":"wp","href":"https:\/\/api.w.org\/{rel}","templated":true}]}}