{"id":2619,"date":"2019-09-10T16:37:26","date_gmt":"2019-09-10T09:37:26","guid":{"rendered":"http:\/\/apanano.com\/?post_type=product&#038;p=2619"},"modified":"2023-03-29T16:23:34","modified_gmt":"2023-03-29T09:23:34","slug":"apa-spora-shrimp","status":"publish","type":"product","link":"https:\/\/www.apanano.com\/vi\/product\/apa-spora-shrimp\/","title":{"rendered":"APA SPORA"},"content":{"rendered":"<p><strong>Th\u00e0nh ph\u1ea7n:<\/strong><br \/>\nHo\u1ea1t ch\u1ea5t chi\u1ebft xu\u1ea5t t\u1eeb c\u00e2y xoan (Azadirachtin), Dung m\u00f4i v\u1eeba \u0111\u1ee7.<\/p>\n<p><strong>C\u00f4ng d\u1ee5ng:<\/strong><br \/>\n&#8211; <a href=\"https:\/\/apanano.com\/vi\/product-category\/aquaculture\/shrimp\/thuoc-thu-y-thuy-san-tom\/\" target=\"_blank\" rel=\"noopener noreferrer\">Ph\u00f2ng tr\u1ecb b\u1ec7nh tr\u00f9ng b\u00e1nh xe<\/a>, tr\u00f9ng m\u1ecf neo, r\u1eadn c\u00e1, s\u00e1n l\u00e1 \u0111\u01a1n ch\u1ee7 tr\u00ean t\u00f4m, c\u00e1 tra, basa.<br \/>\n&#8211; H\u1ed7 tr\u1ee3: <a href=\"https:\/\/apanano.com\/technical-support\/dieu-tri-benh-do-ky-sinh-trung-tren-tom-the\/\">Ph\u00f2ng v\u00e0 \u0111i\u1ec1u tr\u1ecb b\u1ec7nh do K\u00fd Sinh Tr\u00f9ng tr\u00ean T\u00f4m Th\u1ebb<\/a>.<\/p>\n<p><strong>C\u00e1ch s\u1eed d\u1ee5ng:<\/strong><br \/>\n&#8211; Ph\u00f2ng b\u1ec7nh: D\u00f9ng 3 \u2013 5 ml\/ 1 kg th\u1ee9c \u0103n. D\u00f9ng 2 \u2013 3 l\u1ea7n\/ ng\u00e0y, \u0111\u1ecbnh k\u1ef3 d\u00f9ng 3 \u2013 5 ng\u00e0y\/ l\u1ea7n.<br \/>\n&#8211; Tr\u1ecb b\u1ec7nh: D\u00f9ng 8 \u2013 10 ml\/ 1 kg th\u1ee9c \u0103n. D\u00f9ng 2 \u2013 3 l\u1ea7n\/ ng\u00e0y, li\u00ean t\u1ee5c 2 ng\u00e0y, ng\u00e0y th\u1ee9 3, 4 cho t\u00f4m \u0103n men ti\u00eau h\u00f3a, b\u1ed5 gan ho\u1eb7c kho\u00e1ng ch\u1ea5t.<br \/>\n&#8211; S\u1eed d\u1ee5ng k\u00e8m bao b\u1ecdc th\u1ee9c \u0103n.<\/p>\n<p><strong>Ch\u00fa \u00fd:<\/strong><br \/>\n&#8211; Kh\u00f4ng d\u00f9ng k\u00e8m v\u1edbi c\u00e1c lo\u1ea1i thu\u1ed1c hay kh\u00e1ng sinh kh\u00e1c.<br \/>\n&#8211; Ng\u01b0ng s\u1eed d\u1ee5ng thu\u1ed1c tr\u01b0\u1edbc khi thu ho\u1ea1ch 20 \u2013 30 ng\u00e0y.<br \/>\n&#8211; L\u1eafc \u0111\u1ec1u tr\u01b0\u1edbc khi d\u00f9ng.<br \/>\n&#8211; \u0110\u1ecdc k\u1ef9 h\u01b0\u1edbng d\u1eabn s\u1eed d\u1ee5ng tr\u01b0\u1edbc khi d\u00f9ng.<\/p>\n<h3 style=\"text-align: center;\"><span style=\"color: #0000ff;\">CH\u1ec8 D\u00d9NG TRONG NU\u00d4I TR\u1ed2NG TH\u1ee6Y S\u1ea2N<\/span><\/h3>\r\n<blockquote>\r\n<p style=\"text-align: center;\"><em>\u201cS\u1ea3n ph\u1ea9m kh\u00f4ng ch\u1ee9a c\u00e1c ch\u1ea5t c\u1ea5m s\u1eed d\u1ee5ng trong s\u1ea3n xu\u1ea5t, kinh doanh th\u1ee7y s\u1ea3n theo c\u00e1c quy \u0111\u1ecbnh hi\u1ec7n h\u00e0nh c\u1ee7a <strong>B\u1ed9 N\u00f4ng nghi\u1ec7p v\u00e0 Ph\u00e1t tri\u1ec3n n\u00f4ng th\u00f4n<\/strong>\u201d<\/em><\/p>\r\n<\/blockquote>\r\n<!-- Shortcode [sts2] does not match the conditions -->\r\n\r\n<!-- Shortcode [act] does not exist -->\n","protected":false},"excerpt":{"rendered":"<h3><span style=\"color: #0000ff;\">CHUY\u00caN PH\u00d2NG TR\u1eca K\u00dd SINH TR\u00d9NG TR\u00caN T\u00d4M<\/span><\/h3>\n<p><strong>C\u00f4ng d\u1ee5ng:<\/strong><br \/>\n&#8211; Ph\u00f2ng tr\u1ecb b\u1ec7nh tr\u00f9ng b\u00e1nh xe, tr\u00f9ng m\u1ecf neo, r\u1eadn c\u00e1, s\u00e1n l\u00e1 \u0111\u01a1n ch\u1ee7 tr\u00ean t\u00f4m, c\u00e1 tra, basa.<\/p>\n[sc name=\"scontacts\"]\n","protected":false},"featured_media":2621,"comment_status":"open","ping_status":"closed","template":"","meta":{"sfsi_plus_gutenberg_text_before_share":"","sfsi_plus_gutenberg_show_text_before_share":"","sfsi_plus_gutenberg_icon_type":"","sfsi_plus_gutenberg_icon_alignemt":"","sfsi_plus_gutenburg_max_per_row":""},"product_brand":[],"product_cat":[409,405,19],"product_tag":[486,484],"class_list":{"0":"post-2619","1":"product","2":"type-product","3":"status-publish","4":"has-post-thumbnail","6":"product_cat-thuoc-thu-y-thuy-san-tom","7":"product_cat-shrimp","8":"product_cat-aquaculture","9":"product_tag-dieu-tri-ky-sinh-trung-tren-tom","10":"product_tag-phong-tri-ky-sinh-trung","12":"first","13":"instock","14":"shipping-taxable","15":"product-type-simple"},"_links":{"self":[{"href":"https:\/\/www.apanano.com\/vi\/wp-json\/wp\/v2\/product\/2619","targetHints":{"allow":["GET"]}}],"collection":[{"href":"https:\/\/www.apanano.com\/vi\/wp-json\/wp\/v2\/product"}],"about":[{"href":"https:\/\/www.apanano.com\/vi\/wp-json\/wp\/v2\/types\/product"}],"replies":[{"embeddable":true,"href":"https:\/\/www.apanano.com\/vi\/wp-json\/wp\/v2\/comments?post=2619"}],"wp:featuredmedia":[{"embeddable":true,"href":"https:\/\/www.apanano.com\/vi\/wp-json\/wp\/v2\/media\/2621"}],"wp:attachment":[{"href":"https:\/\/www.apanano.com\/vi\/wp-json\/wp\/v2\/media?parent=2619"}],"wp:term":[{"taxonomy":"product_brand","embeddable":true,"href":"https:\/\/www.apanano.com\/vi\/wp-json\/wp\/v2\/product_brand?post=2619"},{"taxonomy":"product_cat","embeddable":true,"href":"https:\/\/www.apanano.com\/vi\/wp-json\/wp\/v2\/product_cat?post=2619"},{"taxonomy":"product_tag","embeddable":true,"href":"https:\/\/www.apanano.com\/vi\/wp-json\/wp\/v2\/product_tag?post=2619"}],"curies":[{"name":"wp","href":"https:\/\/api.w.org\/{rel}","templated":true}]}}