{"id":2622,"date":"2019-09-10T16:49:28","date_gmt":"2019-09-10T09:49:28","guid":{"rendered":"http:\/\/apanano.com\/?post_type=product&#038;p=2622"},"modified":"2023-03-29T16:23:15","modified_gmt":"2023-03-29T09:23:15","slug":"apa-rotife-shrimp","status":"publish","type":"product","link":"https:\/\/www.apanano.com\/vi\/product\/apa-rotife-shrimp\/","title":{"rendered":"APA ROTIFE"},"content":{"rendered":"<p><strong>Th\u00e0nh ph\u1ea7n:<\/strong><br \/>\nCa (t\u1eeb CaHPO<sub>4<\/sub>), K (t\u1eeb KCl), Mg (t\u1eeb MgSO<sub>4<\/sub>), Mn (t\u1eeb MnSO<sub>4<\/sub>), \u0110\u1ed9 \u1ea9m, Ch\u1ea5t mang v\u1eeba \u0111\u1ee7.<\/p>\n<p><strong>C\u00f4ng d\u1ee5ng:<\/strong><br \/>\n&#8211; <a href=\"https:\/\/apanano.com\/vi\/product-category\/aquaculture\/shrimp\/xu-ly-cai-tao-moi-truong-tom\/bo-sung-khoang-vitamin-tang-do-kiem-gay-mau-nuoc-bo-sung-oxy-tom\/\" target=\"_blank\" rel=\"noopener noreferrer\">B\u1ed5 sung kho\u00e1ng ch\u1ea5t c\u1ea7n thi\u1ebft cho ao nu\u00f4i<\/a>. Gi\u00fap th\u1ef1c v\u1eadt ph\u00f9 du ph\u00e1t tri\u1ec3n t\u1ea1o ngu\u1ed3n th\u1ee9c \u0103n t\u1ef1 nhi\u00ean cho t\u00f4m c\u00e1.<br \/>\n&#8211; \u0110i\u1ec1u ch\u1ec9nh h\u00e0m l\u01b0\u1ee3ng kho\u00e1ng trong ao nu\u00f4i th\u1ee7y s\u1ea3n. T\u0103ng \u0111\u1ed9 ki\u1ec1m, \u1ed5n \u0111\u1ecbnh pH, duy tr\u00ec m\u00e0u n\u01b0\u1edbc \u1ed5n \u0111\u1ecbnh.<\/p>\n<p><strong>C\u00e1ch s\u1eed d\u1ee5ng:<\/strong><br \/>\n&#8211; <strong>Chu\u1ea9n b\u1ecb ao:<\/strong> S\u1eed d\u1ee5ng 1 &#8211; 2 kg\/ 1.000 m<sup>3<\/sup> n\u01b0\u1edbc, r\u1ea3i kh\u00f4 ho\u1eb7c h\u00f2a tan v\u00e0o n\u01b0\u1edbc sau \u0111\u00f3 t\u1ea1t \u0111\u1ec1u kh\u1eafp m\u1eb7t ao, 1 &#8211; 2 ng\u00e0y sau ti\u1ebfn h\u00e0nh th\u1ea3 t\u00f4m, c\u00e1.<br \/>\n&#8211; <strong>Trong qu\u00e1 tr\u00ecnh \u01b0\u01a1ng, nu\u00f4i t\u00f4m, c\u00e1:<\/strong> S\u1eed d\u1ee5ng 0,5 &#8211; 1 kg\/ 1.000 m<sup>3<\/sup> n\u01b0\u1edbc, r\u1ea3i kh\u00f4 ho\u1eb7c h\u00f2a tan v\u00e0o n\u01b0\u1edbc sau \u0111\u00f3 t\u1ea1t \u0111\u1ec1u kh\u1eafp m\u1eb7t ao, d\u00f9ng \u0111\u1ecbnh k\u1ef3 7 &#8211; 10 ng\u00e0y\/ l\u1ea7n.<\/p>\n<p><strong>Ch\u00fa \u00fd:<\/strong><br \/>\n&#8211; Trong tu\u1ea7n \u0111\u1ea7u m\u1edbi th\u1ea3 t\u00f4m post, c\u00e1 b\u1ed9t n\u00ean ki\u1ec3m tra th\u01b0\u1eddng xuy\u00ean 2 ng\u00e0y\/ l\u1ea7n, m\u00e0u n\u01b0\u1edbc ho\u1eb7c tr\u1ee9ng n\u01b0\u1edbc (c\u00f3 nhi\u1ec1u hay \u00edt) \u1edf trong ao \u0111\u1ec3 b\u1ed5 sung th\u00eam l\u01b0\u1ee3ng <strong>ROTIFE <\/strong>v\u00e0 quy\u1ebft \u0111\u1ecbnh th\u1eddi gian cho t\u00f4m post ho\u1eb7c c\u00e1 b\u1ed9t \u0103n th\u1ee9c \u0103n c\u00f4ng nghi\u1ec7p s\u1edbm h\u01a1n hay tr\u1ec5 h\u01a1n.<br \/>\n&#8211; \u0110\u1ecdc k\u1ef9 h\u01b0\u1edbng d\u1eabn s\u1eed d\u1ee5ng tr\u01b0\u1edbc khi d\u00f9ng.<\/p>\n<h3 style=\"text-align: center;\"><span style=\"color: #0000ff;\">CH\u1ec8 D\u00d9NG TRONG NU\u00d4I TR\u1ed2NG TH\u1ee6Y S\u1ea2N<\/span><\/h3>\r\n<blockquote>\r\n<p style=\"text-align: center;\"><em>\u201cS\u1ea3n ph\u1ea9m kh\u00f4ng ch\u1ee9a c\u00e1c ch\u1ea5t c\u1ea5m s\u1eed d\u1ee5ng trong s\u1ea3n xu\u1ea5t, kinh doanh th\u1ee7y s\u1ea3n theo c\u00e1c quy \u0111\u1ecbnh hi\u1ec7n h\u00e0nh c\u1ee7a <strong>B\u1ed9 N\u00f4ng nghi\u1ec7p v\u00e0 Ph\u00e1t tri\u1ec3n n\u00f4ng th\u00f4n<\/strong>\u201d<\/em><\/p>\r\n<\/blockquote>\r\n<!-- Shortcode [sts2] does not match the conditions -->\r\n\r\n<!-- Shortcode [act] does not exist -->\n","protected":false},"excerpt":{"rendered":"<h3><span style=\"color: #0000ff;\">B\u1ed4 SUNG KHO\u00c1NG CH\u1ea4T C\u1ea6N THI\u1ebeT<br \/>\nT\u1ea0O NGU\u1ed2N TH\u1ee8C \u0102N T\u1ef0 NHI\u00caN<\/span><\/h3>\n<p><strong>C\u00f4ng d\u1ee5ng:<\/strong><br \/>\n&#8211; B\u1ed5 sung kho\u00e1ng ch\u1ea5t c\u1ea7n thi\u1ebft cho ao nu\u00f4i. Gi\u00fap th\u1ef1c v\u1eadt ph\u00f9 du ph\u00e1t tri\u1ec3n t\u1ea1o ngu\u1ed3n th\u1ee9c \u0103n t\u1ef1 nhi\u00ean cho t\u00f4m c\u00e1.<br \/>\n&#8211; \u0110i\u1ec1u ch\u1ec9nh h\u00e0m l\u01b0\u1ee3ng kho\u00e1ng trong ao nu\u00f4i th\u1ee7y s\u1ea3n. T\u0103ng \u0111\u1ed9 ki\u1ec1m, \u1ed5n \u0111\u1ecbnh pH, duy tr\u00ec m\u00e0u n\u01b0\u1edbc \u1ed5n \u0111\u1ecbnh.<\/p>\n[sc name=\"scontacts\"]\n","protected":false},"featured_media":2623,"comment_status":"open","ping_status":"closed","template":"","meta":{"sfsi_plus_gutenberg_text_before_share":"","sfsi_plus_gutenberg_show_text_before_share":"","sfsi_plus_gutenberg_icon_type":"","sfsi_plus_gutenberg_icon_alignemt":"","sfsi_plus_gutenburg_max_per_row":""},"product_brand":[],"product_cat":[407,436,405,19],"product_tag":[482,483],"class_list":{"0":"post-2622","1":"product","2":"type-product","3":"status-publish","4":"has-post-thumbnail","6":"product_cat-xu-ly-cai-tao-moi-truong-tom","7":"product_cat-bo-sung-khoang-vitamin-tang-do-kiem-gay-mau-nuoc-bo-sung-oxy-tom","8":"product_cat-shrimp","9":"product_cat-aquaculture","10":"product_tag-bo-sung-khoang-chat-ao-nuoi","11":"product_tag-duy-tri-mau-nuoc-on-dinh","13":"first","14":"instock","15":"shipping-taxable","16":"product-type-simple"},"_links":{"self":[{"href":"https:\/\/www.apanano.com\/vi\/wp-json\/wp\/v2\/product\/2622","targetHints":{"allow":["GET"]}}],"collection":[{"href":"https:\/\/www.apanano.com\/vi\/wp-json\/wp\/v2\/product"}],"about":[{"href":"https:\/\/www.apanano.com\/vi\/wp-json\/wp\/v2\/types\/product"}],"replies":[{"embeddable":true,"href":"https:\/\/www.apanano.com\/vi\/wp-json\/wp\/v2\/comments?post=2622"}],"wp:featuredmedia":[{"embeddable":true,"href":"https:\/\/www.apanano.com\/vi\/wp-json\/wp\/v2\/media\/2623"}],"wp:attachment":[{"href":"https:\/\/www.apanano.com\/vi\/wp-json\/wp\/v2\/media?parent=2622"}],"wp:term":[{"taxonomy":"product_brand","embeddable":true,"href":"https:\/\/www.apanano.com\/vi\/wp-json\/wp\/v2\/product_brand?post=2622"},{"taxonomy":"product_cat","embeddable":true,"href":"https:\/\/www.apanano.com\/vi\/wp-json\/wp\/v2\/product_cat?post=2622"},{"taxonomy":"product_tag","embeddable":true,"href":"https:\/\/www.apanano.com\/vi\/wp-json\/wp\/v2\/product_tag?post=2622"}],"curies":[{"name":"wp","href":"https:\/\/api.w.org\/{rel}","templated":true}]}}