{"id":2626,"date":"2019-09-10T17:11:26","date_gmt":"2019-09-10T10:11:26","guid":{"rendered":"http:\/\/apanano.com\/?post_type=product&#038;p=2626"},"modified":"2023-03-29T16:14:35","modified_gmt":"2023-03-29T09:14:35","slug":"apa-max-clear-shrimp","status":"publish","type":"product","link":"https:\/\/www.apanano.com\/vi\/product\/apa-max-clear-shrimp\/","title":{"rendered":"APA MAX CLEAR"},"content":{"rendered":"<p><strong>Th\u00e0nh ph\u1ea7n:<\/strong><br \/>\nPovidone Iodine, Dung m\u00f4i v\u1eeba \u0111\u1ee7.<\/p>\n<p><strong>C\u00f4ng d\u1ee5ng:<\/strong><br \/>\nDi\u1ec7t vi khu\u1ea9n, kh\u1ed1ng ch\u1ebf ti\u00eau di\u1ec7t c\u00e1c lo\u1ea1i n\u1ea5m, nguy\u00ean sinh \u0111\u1ed9ng v\u1eadt c\u00f3 trong n\u01b0\u1edbc khi th\u1ea3 t\u00f4m d\u1ecdn t\u1ea9y ao, s\u00e1t tr\u00f9ng b\u1ec3 nu\u00f4i v\u00e0 v\u1ec7 sinh d\u1ee5ng c\u1ee5.<\/p>\n<p><strong>C\u00e1ch s\u1eed d\u1ee5ng:<\/strong><br \/>\n&#8211; <strong><em>Tr\u01b0\u1eddng h\u1ee3p di\u1ec7t khu\u1ea9n \u0111\u1ecbnh k\u1ef3 v\u00e0 x\u1eed l\u00fd n\u01b0\u1edbc tr\u01b0\u1edbc khi th\u1ea3 <\/em><\/strong><strong><em>t\u00f4m, <a href=\"https:\/\/apanano.com\/vi\/technical-support\/benh-den-than-tren-ca-ro-dong-nguyen-nhan-bieu-hien-va-cach-phong-tri\/\" target=\"_blank\" rel=\"noopener noreferrer\">c\u00e1<\/a><\/em><\/strong>: D\u00f9ng 1 l\u00edt\/ 4.000 &#8211; 5.000 m<sup>3<\/sup> n\u01b0\u1edbc, \u0111\u1ecbnh k\u1ef3 5 &#8211; 7 ng\u00e0y\/ l\u1ea7n.<br \/>\n&#8211; <strong><em>Tr\u01b0\u1eddng h\u1ee3p di\u1ec7t khu\u1ea9n nhanh, h\u1ed7 tr\u1ee3 \u0111i\u1ec1u tr\u1ecb b\u1ec7nh<\/em><\/strong>: D\u00f9ng 1 l\u00edt\/ 2.500 &#8211; 3.000 m<sup>3<\/sup> n\u01b0\u1edbc.<br \/>\n&#8211; T\u00f9y v\u00e0o m\u00f4i tr\u01b0\u1eddng n\u01b0\u1edbc ao nu\u00f4i, t\u00ecnh tr\u1ea1ng t\u00f4m m\u00e0 t\u0103ng ho\u1eb7c gi\u1ea3m li\u1ec1u l\u01b0\u1ee3ng s\u1eed d\u1ee5ng cho ph\u00f9 h\u1ee3p.<\/p>\n<p><strong>Ch\u00fa \u00fd:<\/strong><br \/>\n&#8211; L\u1eafc \u0111\u1ec1u tr\u01b0\u1edbc khi s\u1eed d\u1ee5ng.<br \/>\n&#8211; \u0110\u1ecdc k\u1ef9 h\u01b0\u1edbng d\u1eabn s\u1eed d\u1ee5ng tr\u01b0\u1edbc khi d\u00f9ng.<\/p>\n<h3 style=\"text-align: center;\"><span style=\"color: #0000ff;\">CH\u1ec8 D\u00d9NG TRONG NU\u00d4I TR\u1ed2NG TH\u1ee6Y S\u1ea2N<\/span><\/h3>\r\n<blockquote>\r\n<p style=\"text-align: center;\"><em>\u201cS\u1ea3n ph\u1ea9m kh\u00f4ng ch\u1ee9a c\u00e1c ch\u1ea5t c\u1ea5m s\u1eed d\u1ee5ng trong s\u1ea3n xu\u1ea5t, kinh doanh th\u1ee7y s\u1ea3n theo c\u00e1c quy \u0111\u1ecbnh hi\u1ec7n h\u00e0nh c\u1ee7a <strong>B\u1ed9 N\u00f4ng nghi\u1ec7p v\u00e0 Ph\u00e1t tri\u1ec3n n\u00f4ng th\u00f4n<\/strong>\u201d<\/em><\/p>\r\n<\/blockquote>\r\n<!-- Shortcode [sts2] does not match the conditions -->\r\n\r\n<!-- Shortcode [act] does not exist -->\n","protected":false},"excerpt":{"rendered":"<h3><span style=\"color: #0000ff;\">TI\u00caU DI\u1ec6T VI KHU\u1ea8N, N\u1ea4M, NGUY\u00caN SINH \u0110\u1ed8NG V\u1eacT TRONG AO NU\u00d4I<\/span><\/h3>\n<p><strong>C\u00f4ng d\u1ee5ng:<\/strong><br \/>\nDi\u1ec7t vi khu\u1ea9n, kh\u1ed1ng ch\u1ebf ti\u00eau di\u1ec7t c\u00e1c lo\u1ea1i n\u1ea5m, nguy\u00ean sinh \u0111\u1ed9ng v\u1eadt c\u00f3 trong n\u01b0\u1edbc khi th\u1ea3 t\u00f4m d\u1ecdn t\u1ea9y ao, s\u00e1t tr\u00f9ng b\u1ec3 nu\u00f4i v\u00e0 v\u1ec7 sinh d\u1ee5ng c\u1ee5.<\/p>\n[sc name=\"scontacts\"]\n","protected":false},"featured_media":2627,"comment_status":"open","ping_status":"closed","template":"","meta":{"sfsi_plus_gutenberg_text_before_share":"","sfsi_plus_gutenberg_show_text_before_share":"","sfsi_plus_gutenberg_icon_type":"","sfsi_plus_gutenberg_icon_alignemt":"","sfsi_plus_gutenburg_max_per_row":""},"product_brand":[],"product_cat":[407,431,405,19],"product_tag":[475,476,477],"class_list":{"0":"post-2626","1":"product","2":"type-product","3":"status-publish","4":"has-post-thumbnail","6":"product_cat-xu-ly-cai-tao-moi-truong-tom","7":"product_cat-diet-khuan-tom","8":"product_cat-shrimp","9":"product_cat-aquaculture","10":"product_tag-diet-vi-khuan-nam-nguyen-sinh-dong-vat","11":"product_tag-don-tay-ao-nuoi","12":"product_tag-sat-trung-be-nuoi","14":"first","15":"instock","16":"shipping-taxable","17":"product-type-simple"},"_links":{"self":[{"href":"https:\/\/www.apanano.com\/vi\/wp-json\/wp\/v2\/product\/2626","targetHints":{"allow":["GET"]}}],"collection":[{"href":"https:\/\/www.apanano.com\/vi\/wp-json\/wp\/v2\/product"}],"about":[{"href":"https:\/\/www.apanano.com\/vi\/wp-json\/wp\/v2\/types\/product"}],"replies":[{"embeddable":true,"href":"https:\/\/www.apanano.com\/vi\/wp-json\/wp\/v2\/comments?post=2626"}],"wp:featuredmedia":[{"embeddable":true,"href":"https:\/\/www.apanano.com\/vi\/wp-json\/wp\/v2\/media\/2627"}],"wp:attachment":[{"href":"https:\/\/www.apanano.com\/vi\/wp-json\/wp\/v2\/media?parent=2626"}],"wp:term":[{"taxonomy":"product_brand","embeddable":true,"href":"https:\/\/www.apanano.com\/vi\/wp-json\/wp\/v2\/product_brand?post=2626"},{"taxonomy":"product_cat","embeddable":true,"href":"https:\/\/www.apanano.com\/vi\/wp-json\/wp\/v2\/product_cat?post=2626"},{"taxonomy":"product_tag","embeddable":true,"href":"https:\/\/www.apanano.com\/vi\/wp-json\/wp\/v2\/product_tag?post=2626"}],"curies":[{"name":"wp","href":"https:\/\/api.w.org\/{rel}","templated":true}]}}