{"id":454,"date":"2016-07-22T16:30:41","date_gmt":"2016-07-22T09:30:41","guid":{"rendered":"http:\/\/apanano.com\/w\/?post_type=product&#038;p=454"},"modified":"2023-02-24T18:26:48","modified_gmt":"2023-02-24T11:26:48","slug":"apa-flo-do-i","status":"publish","type":"product","link":"https:\/\/www.apanano.com\/vi\/product\/apa-flo-do-i\/","title":{"rendered":"APA FLO DO I"},"content":{"rendered":"<p>Dung d\u1ecbch ti\u00eam.<\/p>\n<p><strong>TH\u00c0NH PH\u1ea6N<\/strong><br \/>\nFlorfenicol, Doxycycline.<\/p>\n<p><strong>C\u00d4NG D\u1ee4NG<\/strong><br \/>\n&#8211; Tr\u00e2u, b\u00f2, heo: \u0110i\u1ec1u tr\u1ecb c\u00e1c b\u1ec7nh nh\u01b0 <a href=\"https:\/\/apanano.com\/technical-support\/benh-viem-phoi-dinh-suon-app-tren-heo\/\" target=\"_blank\" rel=\"noopener noreferrer\">vi\u00eam ph\u1ed5i<\/a>, vi\u00eam ph\u1ebf qu\u1ea3n, \u0111\u1eb7c bi\u1ec7t l\u00e0 vi\u00eam ph\u1ed5i do Pasteurella \u1edf tr\u00e2u, b\u00f2, c\u00fam \u1edf l\u1ee3n con, vi\u00eam teo xoang, vi\u00eam m\u0169i truy\u1ec1n nhi\u1ec5m, c\u00e1c b\u1ec7nh <a href=\"https:\/\/apanano.com\/technical-support\/benh-viem-da-day-ruot-o-heo-tge\/\" target=\"_blank\" rel=\"noopener noreferrer\">vi\u00eam ru\u1ed9t<\/a>, <a href=\"https:\/\/apanano.com\/technical-support\/piglet-diarrheas-common-problem-explained\/\" target=\"_blank\" rel=\"noopener noreferrer\">ti\u00eau ch\u1ea3y<\/a>, \u0111\u00f3ng d\u1ea5u, <a href=\"https:\/\/apanano.com\/technical-support\/benh-tu-huyet-trung-tren-heo\/\" target=\"_blank\" rel=\"noopener noreferrer\">t\u1ee5 huy\u1ebft tr\u00f9ng<\/a>, th\u01b0\u01a1ng h\u00e0n, ki\u1ebft l\u1ef5.<br \/>\n&#8211; G\u00e0: <a href=\"https:\/\/apanano.com\/technical-support\/chronic-respiratory-disease-crd-in-poultry\/\" target=\"_blank\" rel=\"noopener noreferrer\">Tr\u1ecb b\u1ec7nh h\u00f4 h\u1ea5p m\u00e3n t\u00ednh (CRD)<\/a> gh\u00e9p v\u1edbi b\u1ec7nh <a href=\"https:\/\/apanano.com\/technical-support\/phong-va-tri-benh-do-vi-khuan-e-coli-tren-gia-cam\/\" target=\"_blank\" rel=\"noopener noreferrer\">E. coli<\/a>, th\u01b0\u01a1ng h\u00e0n, t\u1ee5 huy\u1ebft tr\u00f9ng, ph\u00e2n xanh, ph\u00e2n tr\u1eafng, ph\u00e2n nh\u1edbt.<\/p>\n<p><strong>CH\u1ed0NG CH\u1ec8 \u0110\u1ecaNH<\/strong><br \/>\n&#8211; Kh\u00f4ng d\u00f9ng qu\u00e1 li\u1ec1u ch\u1ec9 \u0111\u1ecbnh.<br \/>\n&#8211; Kh\u00f4ng d\u00f9ng cho th\u00fa suy gi\u1ea3m ch\u1ee9c n\u0103ng gan th\u1eadn tr\u1ea7m tr\u1ecdng.<br \/>\n&#8211; Kh\u00f4ng d\u00f9ng cho v\u1eadt nu\u00f4i m\u1eabn c\u1ea3m v\u1edbi c\u00e1c th\u00e0nh ph\u1ea7n c\u1ee7a thu\u1ed1c.<\/p>\n<p><strong>C\u00c1CH D\u00d9NG &amp; LI\u1ec0U L\u01af\u1ee2NG<\/strong><br \/>\nTi\u00eam b\u1eafp li\u00ean t\u1ee5c trong 3 &#8211; 5 ng\u00e0y v\u1edbi li\u1ec1u nh\u01b0 sau:<br \/>\n&#8211; Tr\u00e2u, b\u00f2: 1 ml \/10 &#8211; 15 kg th\u1ec3 tr\u1ecdng.<br \/>\n&#8211; Heo, d\u00ea, c\u1eebu: 1 ml\/5 \u2013 10 kg th\u1ec3 tr\u1ecdng.<br \/>\n&#8211; G\u00e0, v\u1ecbt, ch\u00f3, m\u00e8o: 0,2 &#8211; 0,4 ml\/kg th\u1ec3 tr\u1ecdng.<\/p>\n<p><strong>TH\u1edcI GIAN NG\u01afNG S\u1eec D\u1ee4NG THU\u1ed0C<\/strong><br \/>\n&#8211; Khai th\u00e1c th\u1ecbt: 15 ng\u00e0y.<br \/>\n&#8211; Khai th\u00e1c s\u1eefa: 15 ng\u00e0y<\/p>\n<p><strong>B\u1ea2O QU\u1ea2N<\/strong><br \/>\nN\u01a1i kh\u00f4 r\u00e1o, tho\u00e1ng m\u00e1t, tr\u00e1nh \u00e1nh s\u00e1ng tr\u1ef1c ti\u1ebfp.<\/p>\n<h3 style=\"text-align: center;\"><span style=\"color: #ff0000;\">CH\u1ec8 D\u00d9NG TRONG TH\u00da Y<\/span><\/h3>\r\n<blockquote>\r\n<p style=\"text-align: center;\"><em>\u201cS\u1ea3n ph\u1ea9m kh\u00f4ng ch\u1ee9a c\u00e1c ch\u1ea5t c\u1ea5m s\u1eed d\u1ee5ng trong s\u1ea3n xu\u1ea5t, kinh doanh th\u00fa y theo c\u00e1c quy \u0111\u1ecbnh hi\u1ec7n h\u00e0nh c\u1ee7a <strong>B\u1ed9 N\u00f4ng nghi\u1ec7p v\u00e0 Ph\u00e1t tri\u1ec3n n\u00f4ng th\u00f4n<\/strong>\u201d<\/em><\/p>\r\n<\/blockquote>\r\n<p><!-- Shortcode [sty2] does not match the conditions --><\/p>\r\n<p style=\"text-align: center;\">S\u1ea3n ph\u1ea9m <a href=\"\">Thu\u1ed1c Th\u00fa Y <\/a> gi\u00e1 b\u00e1n, th\u00e0nh ph\u1ea7n ch\u00ednh, c\u00f4ng d\u1ee5ng \u0111i\u1ec1u tr\u1ecb, h\u01b0\u1edbng d\u1eabn s\u1eed d\u1ee5ng!<\/p>\n","protected":false},"excerpt":{"rendered":"<h3><span style=\"color: #ff0000;\">KH\u00c1NG SINH PH\u1ed4 R\u1ed8NG<\/span><\/h3>\n<p><strong>C\u00d4NG D\u1ee4NG<\/strong><br \/>\n&#8211; Tr\u00e2u, b\u00f2, heo: \u0110i\u1ec1u tr\u1ecb c\u00e1c b\u1ec7nh nh\u01b0 vi\u00eam ph\u1ed5i, vi\u00eam ph\u1ebf qu\u1ea3n, \u0111\u1eb7c bi\u1ec7t l\u00e0 vi\u00eam ph\u1ed5i do Pasteurella \u1edf tr\u00e2u, b\u00f2, c\u00fam \u1edf l\u1ee3n con, vi\u00eam teo xoang, vi\u00eam m\u0169i truy\u1ec1n nhi\u1ec5m, c\u00e1c b\u1ec7nh vi\u00eam ru\u1ed9t, ti\u00eau ch\u1ea3y, \u0111\u00f3ng d\u1ea5u, t\u1ee5 huy\u1ebft tr\u00f9ng, th\u01b0\u01a1ng h\u00e0n, ki\u1ebft l\u1ef5.<br \/>\n&#8211; G\u00e0: Tr\u1ecb b\u1ec7nh h\u00f4 h\u1ea5p m\u00e3n t\u00ednh (CRD) gh\u00e9p v\u1edbi b\u1ec7nh E. coli, th\u01b0\u01a1ng h\u00e0n, t\u1ee5 huy\u1ebft tr\u00f9ng, ph\u00e2n xanh, ph\u00e2n tr\u1eafng, ph\u00e2n nh\u1edbt.<\/p>\n[sc name=\"scontact\" ]\n","protected":false},"featured_media":455,"comment_status":"open","ping_status":"closed","template":"","meta":{"sfsi_plus_gutenberg_text_before_share":"","sfsi_plus_gutenberg_show_text_before_share":"","sfsi_plus_gutenberg_icon_type":"","sfsi_plus_gutenberg_icon_alignemt":"","sfsi_plus_gutenburg_max_per_row":""},"product_brand":[],"product_cat":[16,18],"product_tag":[516,688,689],"class_list":{"0":"post-454","1":"product","2":"type-product","3":"status-publish","4":"has-post-thumbnail","6":"product_cat-livestock","7":"product_cat-poultry","8":"product_tag-benh-crd","9":"product_tag-thuoc-thu-y","10":"product_tag-thuoc-tiem","12":"first","13":"instock","14":"shipping-taxable","15":"product-type-simple"},"_links":{"self":[{"href":"https:\/\/www.apanano.com\/vi\/wp-json\/wp\/v2\/product\/454","targetHints":{"allow":["GET"]}}],"collection":[{"href":"https:\/\/www.apanano.com\/vi\/wp-json\/wp\/v2\/product"}],"about":[{"href":"https:\/\/www.apanano.com\/vi\/wp-json\/wp\/v2\/types\/product"}],"replies":[{"embeddable":true,"href":"https:\/\/www.apanano.com\/vi\/wp-json\/wp\/v2\/comments?post=454"}],"wp:featuredmedia":[{"embeddable":true,"href":"https:\/\/www.apanano.com\/vi\/wp-json\/wp\/v2\/media\/455"}],"wp:attachment":[{"href":"https:\/\/www.apanano.com\/vi\/wp-json\/wp\/v2\/media?parent=454"}],"wp:term":[{"taxonomy":"product_brand","embeddable":true,"href":"https:\/\/www.apanano.com\/vi\/wp-json\/wp\/v2\/product_brand?post=454"},{"taxonomy":"product_cat","embeddable":true,"href":"https:\/\/www.apanano.com\/vi\/wp-json\/wp\/v2\/product_cat?post=454"},{"taxonomy":"product_tag","embeddable":true,"href":"https:\/\/www.apanano.com\/vi\/wp-json\/wp\/v2\/product_tag?post=454"}],"curies":[{"name":"wp","href":"https:\/\/api.w.org\/{rel}","templated":true}]}}