{"id":504,"date":"2016-08-31T09:00:57","date_gmt":"2016-08-31T02:00:57","guid":{"rendered":"http:\/\/apanano.com\/w\/?post_type=product&#038;p=504"},"modified":"2023-04-12T17:01:38","modified_gmt":"2023-04-12T10:01:38","slug":"apa-tula-i","status":"publish","type":"product","link":"https:\/\/www.apanano.com\/vi\/product\/apa-tula-i\/","title":{"rendered":"APA TULA I"},"content":{"rendered":"<div class=\"row\"> <div class=\"col-md-8  \">\nDung d\u1ecbch ti\u00eam.<\/p>\n<p><strong>TH\u00c0NH PH\u1ea6N<\/strong><br \/>\nTulathromycin.<\/p>\n<p><strong>C\u00d4NG D\u1ee4NG<\/strong><br \/>\nPh\u00f2ng v\u00e0 \u0111i\u1ec1u tr\u1ecb c\u00e1c b\u1ec7nh \u0111\u01b0\u1eddng h\u00f4 h\u1ea5p c\u1ea5p v\u00e0 m\u00e3n t\u00ednh tr\u00ean heo nh\u01b0:<br \/>\n&#8211; B\u1ec7nh suy\u1ec5n heo (Mycoplasma hyopneumoniae).<br \/>\n&#8211; <a href=\"https:\/\/apanano.com\/technical-support\/benh-tu-huyet-trung-tren-heo\/\" target=\"_blank\" rel=\"noopener noreferrer\">T\u1ee5 huy\u1ebft tr\u00f9ng<\/a> (Pasteurella multocida).<br \/>\n&#8211; Vi\u00eam ph\u1ed5i &#8211; m\u00e0ng ph\u1ed5i (Actinobacillus pleuropneumoniae).<br \/>\n&#8211; Vi\u00eam xoang ng\u1ef1c, xoang b\u1ee5ng (Haemophilus parasuis).<br \/>\n&#8211; Vi\u00eam teo xoang m\u0169i truy\u1ec1n nhi\u1ec5m (Bordetella bronchiseptica).<\/p>\n<p><strong>CH\u1ed0NG CH\u1ec8 \u0110\u1ecaNH<\/strong><br \/>\n&#8211; Kh\u00f4ng d\u00f9ng qu\u00e1 li\u1ec1u ch\u1ec9 \u0111\u1ecbnh.<br \/>\n&#8211; Kh\u00f4ng d\u00f9ng cho v\u1eadt nu\u00f4i m\u1eabn c\u1ea3m v\u1edbi c\u00e1c th\u00e0nh ph\u1ea7n c\u1ee7a thu\u1ed1c.<\/p>\n<p><strong>C\u00c1CH D\u00d9NG &amp; LI\u1ec0U L\u01af\u1ee2NG<\/strong><br \/>\n&#8211; Ti\u00eam b\u1eafp m\u1ed9t m\u0169i duy nh\u1ea5t v\u1edbi li\u1ec1u 2,5 mg Tulathromycin\/kg th\u1ec3 tr\u1ecdng (t\u01b0\u01a1ng \u0111\u01b0\u01a1ng 1 ml\/40 kg) t\u00e1c d\u1ee5ng k\u00e9o d\u00e0i trong 5 ng\u00e0y.<br \/>\n&#8211; \u0110\u1ec3 \u0111i\u1ec1u tr\u1ecb cho heo tr\u00ean 80 kg, ph\u1ea3i chia li\u1ec1u l\u01b0\u1ee3ng ra v\u00e0 kh\u00f4ng ti\u00eam qu\u00e1 2 ml t\u1ea1i m\u1ed9t v\u1ecb tr\u00ed ti\u00eam.<br \/>\n<strong>* \u0110\u1ec3 \u0111i\u1ec1u tr\u1ecb cho heo d\u01b0\u1edbi 40 kg, pha thu\u1ed1c th\u00fa y TULA v\u1edbi dung d\u1ecbch pha theo t\u1ef7 l\u1ec7 1:1, ti\u00eam 1 ml\/20 kg th\u1ec3 tr\u1ecdng.<\/strong><\/p>\n<p><strong>TH\u1edcI GIAN NG\u01afNG S\u1eec D\u1ee4NG THU\u1ed0C<\/strong><br \/>\nKhai t\u00e1c th\u1ecbt: 07 ng\u00e0y.<\/p>\n<p><strong>B\u1ea2O QU\u1ea2N<\/strong><br \/>\nN\u01a1i kh\u00f4 r\u00e1o, tho\u00e1ng m\u00e1t, tr\u00e1nh \u00e1nh s\u00e1ng tr\u1ef1c ti\u1ebfp.<br \/>\n<\/div><div class=\"col-md-4  \">\n<img loading=\"lazy\" decoding=\"async\" class=\"aligncenter wp-image-954\" src=\"http:\/\/apanano.com\/wp-content\/uploads\/APA-Tula-I_Standee.jpg\" alt=\"APA-Tula-I_Standee\" width=\"320\" height=\"800\" srcset=\"\/wp-content\/uploads\/APA-Tula-I_Standee.jpg 800w, \/wp-content\/uploads\/APA-Tula-I_Standee-300x750.jpg 300w, \/wp-content\/uploads\/APA-Tula-I_Standee-120x300.jpg 120w, \/wp-content\/uploads\/APA-Tula-I_Standee-768x1920.jpg 768w, \/wp-content\/uploads\/APA-Tula-I_Standee-410x1024.jpg 410w, \/wp-content\/uploads\/APA-Tula-I_Standee-12x30.jpg 12w\" sizes=\"auto, (max-width: 320px) 100vw, 320px\" \/><br \/>\n<\/div><\/div>\n<h3 style=\"text-align: center;\"><span style=\"color: #ff0000;\">CH\u1ec8 D\u00d9NG TRONG TH\u00da Y<\/span><\/h3>\r\n<blockquote>\r\n<p style=\"text-align: center;\"><em>\u201cS\u1ea3n ph\u1ea9m kh\u00f4ng ch\u1ee9a c\u00e1c ch\u1ea5t c\u1ea5m s\u1eed d\u1ee5ng trong s\u1ea3n xu\u1ea5t, kinh doanh th\u00fa y theo c\u00e1c quy \u0111\u1ecbnh hi\u1ec7n h\u00e0nh c\u1ee7a <strong>B\u1ed9 N\u00f4ng nghi\u1ec7p v\u00e0 Ph\u00e1t tri\u1ec3n n\u00f4ng th\u00f4n<\/strong>\u201d<\/em><\/p>\r\n<\/blockquote>\r\n<p><!-- Shortcode [sty2] does not match the conditions --><\/p>\r\n<p style=\"text-align: center;\">S\u1ea3n ph\u1ea9m <a href=\"\">Thu\u1ed1c Th\u00fa Y <\/a> gi\u00e1 b\u00e1n, th\u00e0nh ph\u1ea7n ch\u00ednh, c\u00f4ng d\u1ee5ng \u0111i\u1ec1u tr\u1ecb, h\u01b0\u1edbng d\u1eabn s\u1eed d\u1ee5ng!<\/p>\n","protected":false},"excerpt":{"rendered":"<h3><span style=\"color: #ff0000;\">KH\u00c1NG SINH T\u00c1C D\u1ee4NG K\u00c9O D\u00c0I TR\u1eca C\u00c1C B\u1ec6NH \u0110\u01af\u1edcNG H\u00d4 H\u1ea4P<\/span><\/h3>\n<p><strong>C\u00d4NG D\u1ee4NG<\/strong><br \/>\nPh\u00f2ng v\u00e0 \u0111i\u1ec1u tr\u1ecb c\u00e1c b\u1ec7nh \u0111\u01b0\u1eddng h\u00f4 h\u1ea5p c\u1ea5p v\u00e0 m\u00e3n t\u00ednh tr\u00ean heo nh\u01b0:<br \/>\n&#8211; B\u1ec7nh suy\u1ec5n heo (Mycoplasma hyopneumoniae).<br \/>\n&#8211; T\u1ee5 huy\u1ebft tr\u00f9ng (Pasteurella multocida).<br \/>\n&#8211; Vi\u00eam ph\u1ed5i &#8211; m\u00e0ng ph\u1ed5i (Actinobacillus pleuropneumoniae).<br \/>\n&#8211; Vi\u00eam xoang ng\u1ef1c, xoang b\u1ee5ng (Haemophilus parasuis).<br \/>\n&#8211; Vi\u00eam teo xoang m\u0169i truy\u1ec1n nhi\u1ec5m (Bordetella bronchiseptica).<\/p>\n[sc name=\"scontact\" ]\n","protected":false},"featured_media":505,"comment_status":"open","ping_status":"closed","template":"","meta":{"sfsi_plus_gutenberg_text_before_share":"","sfsi_plus_gutenberg_show_text_before_share":"","sfsi_plus_gutenberg_icon_type":"","sfsi_plus_gutenberg_icon_alignemt":"","sfsi_plus_gutenburg_max_per_row":""},"product_brand":[],"product_cat":[16],"product_tag":[260,525,308,517,526,310,262,309,261,688,689,255,123,91,254,256],"class_list":{"0":"post-504","1":"product","2":"type-product","3":"status-publish","4":"has-post-thumbnail","6":"product_cat-livestock","7":"product_tag-actinobacillus-pleuropneumoniae","8":"product_tag-benh-app","9":"product_tag-benh-suyen-heo","10":"product_tag-benh-tu-huyet-trung","11":"product_tag-benh-viem-phoi-dinh-suon","12":"product_tag-bordetella-bronchiseptica","13":"product_tag-haemophilus-parasuis","14":"product_tag-mycoplasma-hyopneumoniae","15":"product_tag-pasteurella-multocida","16":"product_tag-thuoc-thu-y","17":"product_tag-thuoc-tiem","18":"product_tag-tu-huyet-trung","19":"product_tag-tula","20":"product_tag-tula-i","21":"product_tag-viem-phoi-mang-phoi","22":"product_tag-viem-xoang-nguc-xoang-bung","24":"first","25":"instock","26":"featured","27":"shipping-taxable","28":"product-type-simple"},"_links":{"self":[{"href":"https:\/\/www.apanano.com\/vi\/wp-json\/wp\/v2\/product\/504","targetHints":{"allow":["GET"]}}],"collection":[{"href":"https:\/\/www.apanano.com\/vi\/wp-json\/wp\/v2\/product"}],"about":[{"href":"https:\/\/www.apanano.com\/vi\/wp-json\/wp\/v2\/types\/product"}],"replies":[{"embeddable":true,"href":"https:\/\/www.apanano.com\/vi\/wp-json\/wp\/v2\/comments?post=504"}],"wp:featuredmedia":[{"embeddable":true,"href":"https:\/\/www.apanano.com\/vi\/wp-json\/wp\/v2\/media\/505"}],"wp:attachment":[{"href":"https:\/\/www.apanano.com\/vi\/wp-json\/wp\/v2\/media?parent=504"}],"wp:term":[{"taxonomy":"product_brand","embeddable":true,"href":"https:\/\/www.apanano.com\/vi\/wp-json\/wp\/v2\/product_brand?post=504"},{"taxonomy":"product_cat","embeddable":true,"href":"https:\/\/www.apanano.com\/vi\/wp-json\/wp\/v2\/product_cat?post=504"},{"taxonomy":"product_tag","embeddable":true,"href":"https:\/\/www.apanano.com\/vi\/wp-json\/wp\/v2\/product_tag?post=504"}],"curies":[{"name":"wp","href":"https:\/\/api.w.org\/{rel}","templated":true}]}}