{"id":5241,"date":"2022-03-24T23:55:46","date_gmt":"2022-03-24T16:55:46","guid":{"rendered":"https:\/\/apanano.com\/?post_type=product&#038;p=5241"},"modified":"2023-03-29T15:42:40","modified_gmt":"2023-03-29T08:42:40","slug":"apa-phalis","status":"publish","type":"product","link":"https:\/\/www.apanano.com\/vi\/product\/apa-phalis\/","title":{"rendered":"APA PHALIS"},"content":{"rendered":"<p><strong>Th\u00e0nh ph\u1ea7n:<\/strong><br \/>\nColisfin sulfate, Cefolexin monohydrate.<\/p>\n<p><strong>C\u00f4ng d\u1ee5ng:<\/strong><br \/>\n&#8211; Tr\u1ecb c\u00e1c b\u1ec7nh \u0111\u01b0\u1eddng ru\u1ed9t do vi khu\u1ea9n Vibrio spp g\u00e2y ra.<br \/>\n&#8211; Ph\u00f2ng v\u00e0 tr\u1ecb h\u1ed9i ch\u1ee9ng EMS do Vibrio parahemolyticus.<br \/>\n&#8211; Gi\u00fap \u1ed5n \u0111\u1ecbnh m\u00f4i tr\u01b0\u1eddng \u0111\u01b0\u1eddng ru\u1ed9t, gi\u00fap nong to \u0111\u01b0\u1eddng ru\u1ed9t.<br \/>\n&#8211; <a href=\"https:\/\/apanano.com\/technical-support\/san-pham-phong-tri-benh-ky-sinh-trung-tren-tom-the\/\" rel=\"noopener\" target=\"_blank\">Ch\u1ed1ng b\u1ed9i nhi\u1ec5m do vi khu\u1ea9n trong tr\u01b0\u1eddng h\u1ee3p t\u00f4m b\u1ecb ph\u00e2n tr\u1eafng, ph\u00e2n \u0111\u1ee9t kh\u00fac<\/a>.<\/p>\n<p><strong>C\u00e1ch s\u1eed d\u1ee5ng:<\/strong><br \/>\n&#8211; Li\u1ec1u tr\u1ecb T\u00f4m: 0,8 &#8211; 1 g\/ 1 kg th\u1ee9c \u0103n.<br \/>\n&#8211; Li\u1ec1u ph\u00f2ng: B\u1eb1ng 1\/2 li\u1ec1u tr\u1ecb.<\/p>\n<p><strong>Ch\u00fa \u00fd:<\/strong><br \/>\n&#8211; N\u01a1i kh\u00f4 r\u00e1o, tho\u00e1ng m\u00e1t, tr\u00e1nh \u00e1nh n\u1eafng tr\u1ef1c ti\u1ebfp.<br \/>\n&#8211; Tr\u00e1nh xa t\u1ea7m tay tr\u1ebb em.<\/p>\n<h3 style=\"text-align: center;\"><span style=\"color: #0000ff;\">CH\u1ec8 D\u00d9NG TRONG NU\u00d4I TR\u1ed2NG TH\u1ee6Y S\u1ea2N<\/span><\/h3>\r\n<blockquote>\r\n<p style=\"text-align: center;\"><em>\u201cS\u1ea3n ph\u1ea9m kh\u00f4ng ch\u1ee9a c\u00e1c ch\u1ea5t c\u1ea5m s\u1eed d\u1ee5ng trong s\u1ea3n xu\u1ea5t, kinh doanh th\u1ee7y s\u1ea3n theo c\u00e1c quy \u0111\u1ecbnh hi\u1ec7n h\u00e0nh c\u1ee7a <strong>B\u1ed9 N\u00f4ng nghi\u1ec7p v\u00e0 Ph\u00e1t tri\u1ec3n n\u00f4ng th\u00f4n<\/strong>\u201d<\/em><\/p>\r\n<\/blockquote>\r\n<!-- Shortcode [sts2] does not match the conditions -->\r\n\r\n<!-- Shortcode [act] does not exist -->\n","protected":false},"excerpt":{"rendered":"<h3><span style=\"color: #0000ff;\">PH\u00d2NG V\u00c0 TR\u1eca C\u00c1C B\u1ec6NH \u0110\u01af\u1edcNG RU\u1ed8T<br \/>\nCH\u1ed0NG B\u1ed8I NHI\u1ec4M DO VI KHU\u1ea8N TRONG TR\u01af\u1edcNG H\u1ee2P T\u00d4M B\u1eca PH\u00c2N TR\u1eaeNG, PH\u00c2N \u0110\u1ee8T KH\u00daC.<\/span><\/h3>\n<p><strong>C\u00f4ng d\u1ee5ng:<\/strong><br \/>\n&#8211; Tr\u1ecb c\u00e1c b\u1ec7nh \u0111\u01b0\u1eddng ru\u1ed9t do vi khu\u1ea9n Vibrio spp g\u00e2y ra.<br \/>\n&#8211; Ph\u00f2ng v\u00e0 tr\u1ecb h\u1ed9i ch\u1ee9ng EMS do Vibrio parahemolyticus.<br \/>\n&#8211; Gi\u00fap \u1ed5n \u0111\u1ecbnh m\u00f4i tr\u01b0\u1eddng \u0111\u01b0\u1eddng ru\u1ed9t, gi\u00fap nong to \u0111\u01b0\u1eddng ru\u1ed9t.<br \/>\n&#8211; Ch\u1ed1ng b\u1ed9i nhi\u1ec5m do vi khu\u1ea9n trong tr\u01b0\u1eddng h\u1ee3p t\u00f4m b\u1ecb ph\u00e2n tr\u1eafng, ph\u00e2n \u0111\u1ee9t kh\u00fac.<\/p>\n[sc name=\"scontacts\"]\n","protected":false},"featured_media":5242,"comment_status":"open","ping_status":"closed","template":"","meta":{"sfsi_plus_gutenberg_text_before_share":"","sfsi_plus_gutenberg_show_text_before_share":"","sfsi_plus_gutenberg_icon_type":"","sfsi_plus_gutenberg_icon_alignemt":"","sfsi_plus_gutenburg_max_per_row":""},"product_brand":[],"product_cat":[405,19],"product_tag":[],"class_list":{"0":"post-5241","1":"product","2":"type-product","3":"status-publish","4":"has-post-thumbnail","6":"product_cat-shrimp","7":"product_cat-aquaculture","9":"first","10":"instock","11":"shipping-taxable","12":"product-type-simple"},"_links":{"self":[{"href":"https:\/\/www.apanano.com\/vi\/wp-json\/wp\/v2\/product\/5241","targetHints":{"allow":["GET"]}}],"collection":[{"href":"https:\/\/www.apanano.com\/vi\/wp-json\/wp\/v2\/product"}],"about":[{"href":"https:\/\/www.apanano.com\/vi\/wp-json\/wp\/v2\/types\/product"}],"replies":[{"embeddable":true,"href":"https:\/\/www.apanano.com\/vi\/wp-json\/wp\/v2\/comments?post=5241"}],"wp:featuredmedia":[{"embeddable":true,"href":"https:\/\/www.apanano.com\/vi\/wp-json\/wp\/v2\/media\/5242"}],"wp:attachment":[{"href":"https:\/\/www.apanano.com\/vi\/wp-json\/wp\/v2\/media?parent=5241"}],"wp:term":[{"taxonomy":"product_brand","embeddable":true,"href":"https:\/\/www.apanano.com\/vi\/wp-json\/wp\/v2\/product_brand?post=5241"},{"taxonomy":"product_cat","embeddable":true,"href":"https:\/\/www.apanano.com\/vi\/wp-json\/wp\/v2\/product_cat?post=5241"},{"taxonomy":"product_tag","embeddable":true,"href":"https:\/\/www.apanano.com\/vi\/wp-json\/wp\/v2\/product_tag?post=5241"}],"curies":[{"name":"wp","href":"https:\/\/api.w.org\/{rel}","templated":true}]}}